{"id":1796,"date":"2025-02-13T14:59:34","date_gmt":"2025-02-13T14:59:34","guid":{"rendered":"https:\/\/doncabron.nl\/?post_type=product&#038;p=1796"},"modified":"2026-03-09T16:25:50","modified_gmt":"2026-03-09T16:25:50","slug":"salsa-chile-ahumado-y-semillas","status":"publish","type":"product","link":"https:\/\/doncabron.nl\/de\/produkt\/salsa-chile-ahumado-y-semillas\/","title":{"rendered":"Chile Ahumado y Semillas (S\u00fc\u00dfes und rauchiges Chili-\u00d6l)"},"content":{"rendered":"<div data-elementor-type=\"wp-post\" data-elementor-id=\"1796\" class=\"elementor elementor-1796\">\n\t\t\t\t<div class=\"elementor-element elementor-element-0cc299c e-flex e-con-boxed e-con e-parent\" data-id=\"0cc299c\" data-element_type=\"container\" data-e-type=\"container\">\n\t\t\t\t\t<div class=\"e-con-inner\">\n\t\t\t\t<div class=\"elementor-element elementor-element-dd19727 elementor-widget elementor-widget-text-editor\" data-id=\"dd19727\" data-element_type=\"widget\" data-e-type=\"widget\" data-widget_type=\"text-editor.default\">\n\t\t\t\t\t\t\t\t\t<h5 style=\"font-style: normal; margin-bottom: 0px;\" data-elementor-setting-key=\"title\" data-pen-placeholder=\"Hier typen...\">N\u00e4hrwertangaben<\/h5>\t\t\t\t\t\t\t\t<\/div>\n\t\t\t\t<div class=\"elementor-element elementor-element-7971769 elementor-widget elementor-widget-text-editor\" data-id=\"7971769\" data-element_type=\"widget\" data-e-type=\"widget\" data-widget_type=\"text-editor.default\">\n\t\t\t\t\t\t\t\t\t<p>\n<table id=\"tablepress-2\" class=\"tablepress tablepress-id-2\">\n<thead>\n<tr class=\"row-1\">\n\t<th class=\"column-1\">Typ<\/th><th class=\"column-2\">Pro 100 ml<\/th>\n<\/tr>\n<\/thead>\n<tbody class=\"row-striping row-hover\">\n<tr class=\"row-2\">\n\t<td class=\"column-1\">Energie<\/td><td class=\"column-2\">3592 kJ (870 kcal)<\/td>\n<\/tr>\n<tr class=\"row-3\">\n\t<td class=\"column-1\">Fett insgesamt<\/td><td class=\"column-2\">78 g<\/td>\n<\/tr>\n<tr class=\"row-4\">\n\t<td class=\"column-1\">Davon ges\u00e4ttigt<\/td><td class=\"column-2\">8.8 g<\/td>\n<\/tr>\n<tr class=\"row-5\">\n\t<td class=\"column-1\">Kohlenhydrate<\/td><td class=\"column-2\">35 g<\/td>\n<\/tr>\n<tr class=\"row-6\">\n\t<td class=\"column-1\">Davon Zucker<\/td><td class=\"column-2\">19 g<\/td>\n<\/tr>\n<tr class=\"row-7\">\n\t<td class=\"column-1\">Proteine<\/td><td class=\"column-2\">11.9 g<\/td>\n<\/tr>\n<tr class=\"row-8\">\n\t<td class=\"column-1\">Salz<\/td><td class=\"column-2\">1.7 g<\/td>\n<\/tr>\n<\/tbody>\n<\/table>\n<!-- #tablepress-2 from cache --><\/p>\t\t\t\t\t\t\t\t<\/div>\n\t\t\t\t\t<\/div>\n\t\t\t\t<\/div>\n\t\t\t\t<\/div>","protected":false},"excerpt":{"rendered":"<p data-start=\"222\" data-end=\"424\"><strong data-start=\"225\" data-end=\"244\">Geschmack<br \/>\n<\/strong>Eine So\u00dfe mit einem k\u00f6stlichen Rauchgeschmack, zubereitet mit Erdn\u00fcssen, K\u00fcrbiskernen, Sesam und Preiselbeeren, die ihr einen leicht s\u00fc\u00dfen Geschmack verleihen.<\/p>\n<p><strong>Empfohlene Verwendung<br \/>\n<\/strong>Mexikanisches Essen, gegrilltes Fleisch, Pizza, asiatische K\u00fcche, Suppen, Shoarma, Nudeln, Eier, Fisch.<\/p>\n<p><strong>Zutaten<\/strong><br \/>\nGetrocknete Chilis, Erdn\u00fcsse, K\u00fcrbiskerne, Sesam, Cranberries, Knoblauch, Sonnenblumen\u00f6l, Salz, Gew\u00fcrze und Kr\u00e4uter.<\/p>\n<p><strong>Inhalt<\/strong><br \/>\n150 ml<\/p>\n<p><strong>Sch\u00e4rfegrad<br \/>\n<\/strong><span style=\"color: #ed3e3e;\">\u2766<\/span><span style=\"color: #ed3e3e;\">\u2766<\/span><span style=\"color: #ed3e3e;\">\u2766 <\/span>Scharf<\/p>","protected":false},"featured_media":2888,"comment_status":"open","ping_status":"closed","template":"","meta":{"site-sidebar-layout":"default","site-content-layout":"page-builder","ast-site-content-layout":"normal-width-container","site-content-style":"boxed","site-sidebar-style":"unboxed","ast-global-header-display":"","ast-banner-title-visibility":"","ast-main-header-display":"","ast-hfb-above-header-display":"","ast-hfb-below-header-display":"","ast-hfb-mobile-header-display":"","site-post-title":"disabled","ast-breadcrumbs-content":"","ast-featured-img":"disabled","footer-sml-layout":"","ast-disable-related-posts":"","theme-transparent-header-meta":"default","adv-header-id-meta":"","stick-header-meta":"","header-above-stick-meta":"","header-main-stick-meta":"","header-below-stick-meta":"","astra-migrate-meta-layouts":"set","ast-page-background-enabled":"default","ast-page-background-meta":{"desktop":{"background-color":"var(--ast-global-color-4)","background-image":"","background-repeat":"repeat","background-position":"center center","background-size":"auto","background-attachment":"scroll","background-type":"","background-media":"","overlay-type":"","overlay-color":"","overlay-opacity":"","overlay-gradient":""},"tablet":{"background-color":"","background-image":"","background-repeat":"repeat","background-position":"center center","background-size":"auto","background-attachment":"scroll","background-type":"","background-media":"","overlay-type":"","overlay-color":"","overlay-opacity":"","overlay-gradient":""},"mobile":{"background-color":"","background-image":"","background-repeat":"repeat","background-position":"center center","background-size":"auto","background-attachment":"scroll","background-type":"","background-media":"","overlay-type":"","overlay-color":"","overlay-opacity":"","overlay-gradient":""}},"ast-content-background-meta":{"desktop":{"background-color":"var(--ast-global-color-5)","background-image":"","background-repeat":"repeat","background-position":"center center","background-size":"auto","background-attachment":"scroll","background-type":"","background-media":"","overlay-type":"","overlay-color":"","overlay-opacity":"","overlay-gradient":""},"tablet":{"background-color":"var(--ast-global-color-5)","background-image":"","background-repeat":"repeat","background-position":"center center","background-size":"auto","background-attachment":"scroll","background-type":"","background-media":"","overlay-type":"","overlay-color":"","overlay-opacity":"","overlay-gradient":""},"mobile":{"background-color":"var(--ast-global-color-5)","background-image":"","background-repeat":"repeat","background-position":"center center","background-size":"auto","background-attachment":"scroll","background-type":"","background-media":"","overlay-type":"","overlay-color":"","overlay-opacity":"","overlay-gradient":""}},"iawp_total_views":423},"product_brand":[],"product_cat":[38],"product_tag":[],"class_list":{"0":"post-1796","1":"product","2":"type-product","3":"status-publish","4":"has-post-thumbnail","6":"product_cat-salsas","7":"desktop-align-left","8":"tablet-align-left","9":"mobile-align-left","11":"first","12":"instock","13":"taxable","14":"shipping-taxable","15":"purchasable","16":"product-type-simple"},"yoast_head":"<!-- This site is optimized with the Yoast SEO plugin v27.5 - https:\/\/yoast.com\/product\/yoast-seo-wordpress\/ -->\n<title>Chile Ahumado y Semillas (Sweet &amp; Smoky Chili Oil) - Don Cabron - Handmade Mexican Salsas<\/title>\n<meta name=\"description\" content=\"Deze Sweet &amp; Smoky Chili Oil is een rokerige olie vol smaak, met geroosterde pinda\u2019s, pompoenpitten, sesamzaad en cranberries voor een subtiel zoetje.\" \/>\n<meta name=\"robots\" content=\"index, follow, max-snippet:-1, max-image-preview:large, max-video-preview:-1\" \/>\n<link rel=\"canonical\" href=\"https:\/\/doncabron.nl\/de\/produkt\/salsa-chile-ahumado-y-semillas\/\" \/>\n<meta property=\"og:locale\" content=\"de_DE\" \/>\n<meta property=\"og:type\" content=\"article\" \/>\n<meta property=\"og:title\" content=\"Chile Ahumado y Semillas (Sweet &amp; Smoky Chili Oil) - Don Cabron - Handmade Mexican Salsas\" \/>\n<meta property=\"og:description\" content=\"Deze Sweet &amp; Smoky Chili Oil is een rokerige olie vol smaak, met geroosterde pinda\u2019s, pompoenpitten, sesamzaad en cranberries voor een subtiel zoetje.\" \/>\n<meta property=\"og:url\" content=\"https:\/\/doncabron.nl\/de\/produkt\/salsa-chile-ahumado-y-semillas\/\" \/>\n<meta property=\"og:site_name\" content=\"Don Cabron - Handmade Mexican Salsas\" \/>\n<meta property=\"article:publisher\" content=\"https:\/\/www.facebook.com\/people\/Salsa-Don-Cabron\/61576088555519\/\" \/>\n<meta property=\"article:modified_time\" content=\"2026-03-09T16:25:50+00:00\" \/>\n<meta property=\"og:image\" content=\"https:\/\/doncabron.nl\/wp-content\/uploads\/2025\/02\/Ahum_semillas-e1773073534614.jpg\" \/>\n\t<meta property=\"og:image:width\" content=\"1450\" \/>\n\t<meta property=\"og:image:height\" content=\"1450\" \/>\n\t<meta property=\"og:image:type\" content=\"image\/jpeg\" \/>\n<meta name=\"twitter:card\" content=\"summary_large_image\" \/>\n<meta name=\"twitter:label1\" content=\"Gesch\u00e4tzte Lesezeit\" \/>\n\t<meta name=\"twitter:data1\" content=\"1\u00a0Minute\" \/>\n<script type=\"application\/ld+json\" class=\"yoast-schema-graph\">{\"@context\":\"https:\\\/\\\/schema.org\",\"@graph\":[{\"@type\":\"WebPage\",\"@id\":\"https:\\\/\\\/doncabron.nl\\\/product\\\/salsa-chile-ahumado-y-semillas\\\/\",\"url\":\"https:\\\/\\\/doncabron.nl\\\/product\\\/salsa-chile-ahumado-y-semillas\\\/\",\"name\":\"Chile Ahumado y Semillas (Sweet & Smoky Chili Oil) - Don Cabron - Handmade Mexican Salsas\",\"isPartOf\":{\"@id\":\"https:\\\/\\\/doncabron.nl\\\/#website\"},\"primaryImageOfPage\":{\"@id\":\"https:\\\/\\\/doncabron.nl\\\/product\\\/salsa-chile-ahumado-y-semillas\\\/#primaryimage\"},\"image\":{\"@id\":\"https:\\\/\\\/doncabron.nl\\\/product\\\/salsa-chile-ahumado-y-semillas\\\/#primaryimage\"},\"thumbnailUrl\":\"https:\\\/\\\/doncabron.nl\\\/wp-content\\\/uploads\\\/2025\\\/02\\\/Ahum_semillas-e1773073534614.jpg\",\"datePublished\":\"2025-02-13T14:59:34+00:00\",\"dateModified\":\"2026-03-09T16:25:50+00:00\",\"description\":\"Deze Sweet & Smoky Chili Oil is een rokerige olie vol smaak, met geroosterde pinda\u2019s, pompoenpitten, sesamzaad en cranberries voor een subtiel zoetje.\",\"breadcrumb\":{\"@id\":\"https:\\\/\\\/doncabron.nl\\\/product\\\/salsa-chile-ahumado-y-semillas\\\/#breadcrumb\"},\"inLanguage\":\"de\",\"potentialAction\":[{\"@type\":\"ReadAction\",\"target\":[\"https:\\\/\\\/doncabron.nl\\\/product\\\/salsa-chile-ahumado-y-semillas\\\/\"]}]},{\"@type\":\"ImageObject\",\"inLanguage\":\"de\",\"@id\":\"https:\\\/\\\/doncabron.nl\\\/product\\\/salsa-chile-ahumado-y-semillas\\\/#primaryimage\",\"url\":\"https:\\\/\\\/doncabron.nl\\\/wp-content\\\/uploads\\\/2025\\\/02\\\/Ahum_semillas-e1773073534614.jpg\",\"contentUrl\":\"https:\\\/\\\/doncabron.nl\\\/wp-content\\\/uploads\\\/2025\\\/02\\\/Ahum_semillas-e1773073534614.jpg\",\"width\":1450,\"height\":1450},{\"@type\":\"BreadcrumbList\",\"@id\":\"https:\\\/\\\/doncabron.nl\\\/product\\\/salsa-chile-ahumado-y-semillas\\\/#breadcrumb\",\"itemListElement\":[{\"@type\":\"ListItem\",\"position\":1,\"name\":\"Home\",\"item\":\"https:\\\/\\\/doncabron.nl\\\/\"},{\"@type\":\"ListItem\",\"position\":2,\"name\":\"Producten\",\"item\":\"https:\\\/\\\/doncabron.nl\\\/producten\\\/\"},{\"@type\":\"ListItem\",\"position\":3,\"name\":\"Chile Ahumado y Semillas (Sweet &#038; Smoky Chili Oil)\"}]},{\"@type\":\"WebSite\",\"@id\":\"https:\\\/\\\/doncabron.nl\\\/#website\",\"url\":\"https:\\\/\\\/doncabron.nl\\\/\",\"name\":\"Don Cabron - Handmade Mexican Salsas\",\"description\":\"Authentieke handgemaakte Mexicaanse sauzen, pepers en kruidenmixen\",\"publisher\":{\"@id\":\"https:\\\/\\\/doncabron.nl\\\/#organization\"},\"potentialAction\":[{\"@type\":\"SearchAction\",\"target\":{\"@type\":\"EntryPoint\",\"urlTemplate\":\"https:\\\/\\\/doncabron.nl\\\/?s={search_term_string}\"},\"query-input\":{\"@type\":\"PropertyValueSpecification\",\"valueRequired\":true,\"valueName\":\"search_term_string\"}}],\"inLanguage\":\"de\"},{\"@type\":\"Organization\",\"@id\":\"https:\\\/\\\/doncabron.nl\\\/#organization\",\"name\":\"Don Cabron\",\"url\":\"https:\\\/\\\/doncabron.nl\\\/\",\"logo\":{\"@type\":\"ImageObject\",\"inLanguage\":\"de\",\"@id\":\"https:\\\/\\\/doncabron.nl\\\/#\\\/schema\\\/logo\\\/image\\\/\",\"url\":\"https:\\\/\\\/doncabron.nl\\\/wp-content\\\/uploads\\\/2024\\\/08\\\/cropped-Logo-1.png\",\"contentUrl\":\"https:\\\/\\\/doncabron.nl\\\/wp-content\\\/uploads\\\/2024\\\/08\\\/cropped-Logo-1.png\",\"width\":383,\"height\":128,\"caption\":\"Don Cabron\"},\"image\":{\"@id\":\"https:\\\/\\\/doncabron.nl\\\/#\\\/schema\\\/logo\\\/image\\\/\"},\"sameAs\":[\"https:\\\/\\\/www.facebook.com\\\/people\\\/Salsa-Don-Cabron\\\/61576088555519\\\/\",\"https:\\\/\\\/www.instagram.com\\\/salsadoncabron\\\/\"]}]}<\/script>\n<!-- \/ Yoast SEO plugin. -->","yoast_head_json":{"title":"Chile Ahumado y Semillas (Sweet & Smoky Chili Oil) - Don Cabron - Handmade Mexican Salsas","description":"Deze Sweet & Smoky Chili Oil is een rokerige olie vol smaak, met geroosterde pinda\u2019s, pompoenpitten, sesamzaad en cranberries voor een subtiel zoetje.","robots":{"index":"index","follow":"follow","max-snippet":"max-snippet:-1","max-image-preview":"max-image-preview:large","max-video-preview":"max-video-preview:-1"},"canonical":"https:\/\/doncabron.nl\/de\/produkt\/salsa-chile-ahumado-y-semillas\/","og_locale":"de_DE","og_type":"article","og_title":"Chile Ahumado y Semillas (Sweet & Smoky Chili Oil) - Don Cabron - Handmade Mexican Salsas","og_description":"Deze Sweet & Smoky Chili Oil is een rokerige olie vol smaak, met geroosterde pinda\u2019s, pompoenpitten, sesamzaad en cranberries voor een subtiel zoetje.","og_url":"https:\/\/doncabron.nl\/de\/produkt\/salsa-chile-ahumado-y-semillas\/","og_site_name":"Don Cabron - Handmade Mexican Salsas","article_publisher":"https:\/\/www.facebook.com\/people\/Salsa-Don-Cabron\/61576088555519\/","article_modified_time":"2026-03-09T16:25:50+00:00","og_image":[{"width":1450,"height":1450,"url":"https:\/\/doncabron.nl\/wp-content\/uploads\/2025\/02\/Ahum_semillas-e1773073534614.jpg","type":"image\/jpeg"}],"twitter_card":"summary_large_image","twitter_misc":{"Gesch\u00e4tzte Lesezeit":"1\u00a0Minute"},"schema":{"@context":"https:\/\/schema.org","@graph":[{"@type":"WebPage","@id":"https:\/\/doncabron.nl\/product\/salsa-chile-ahumado-y-semillas\/","url":"https:\/\/doncabron.nl\/product\/salsa-chile-ahumado-y-semillas\/","name":"Chile Ahumado y Semillas (Sweet & Smoky Chili Oil) - Don Cabron - Handmade Mexican Salsas","isPartOf":{"@id":"https:\/\/doncabron.nl\/#website"},"primaryImageOfPage":{"@id":"https:\/\/doncabron.nl\/product\/salsa-chile-ahumado-y-semillas\/#primaryimage"},"image":{"@id":"https:\/\/doncabron.nl\/product\/salsa-chile-ahumado-y-semillas\/#primaryimage"},"thumbnailUrl":"https:\/\/doncabron.nl\/wp-content\/uploads\/2025\/02\/Ahum_semillas-e1773073534614.jpg","datePublished":"2025-02-13T14:59:34+00:00","dateModified":"2026-03-09T16:25:50+00:00","description":"Deze Sweet & Smoky Chili Oil is een rokerige olie vol smaak, met geroosterde pinda\u2019s, pompoenpitten, sesamzaad en cranberries voor een subtiel zoetje.","breadcrumb":{"@id":"https:\/\/doncabron.nl\/product\/salsa-chile-ahumado-y-semillas\/#breadcrumb"},"inLanguage":"de","potentialAction":[{"@type":"ReadAction","target":["https:\/\/doncabron.nl\/product\/salsa-chile-ahumado-y-semillas\/"]}]},{"@type":"ImageObject","inLanguage":"de","@id":"https:\/\/doncabron.nl\/product\/salsa-chile-ahumado-y-semillas\/#primaryimage","url":"https:\/\/doncabron.nl\/wp-content\/uploads\/2025\/02\/Ahum_semillas-e1773073534614.jpg","contentUrl":"https:\/\/doncabron.nl\/wp-content\/uploads\/2025\/02\/Ahum_semillas-e1773073534614.jpg","width":1450,"height":1450},{"@type":"BreadcrumbList","@id":"https:\/\/doncabron.nl\/product\/salsa-chile-ahumado-y-semillas\/#breadcrumb","itemListElement":[{"@type":"ListItem","position":1,"name":"Home","item":"https:\/\/doncabron.nl\/"},{"@type":"ListItem","position":2,"name":"Producten","item":"https:\/\/doncabron.nl\/producten\/"},{"@type":"ListItem","position":3,"name":"Chile Ahumado y Semillas (Sweet &#038; Smoky Chili Oil)"}]},{"@type":"WebSite","@id":"https:\/\/doncabron.nl\/#website","url":"https:\/\/doncabron.nl\/","name":"Don Cabron - Handmade Mexican Salsas","description":"Authentieke handgemaakte Mexicaanse sauzen, pepers en kruidenmixen","publisher":{"@id":"https:\/\/doncabron.nl\/#organization"},"potentialAction":[{"@type":"SearchAction","target":{"@type":"EntryPoint","urlTemplate":"https:\/\/doncabron.nl\/?s={search_term_string}"},"query-input":{"@type":"PropertyValueSpecification","valueRequired":true,"valueName":"search_term_string"}}],"inLanguage":"de"},{"@type":"Organization","@id":"https:\/\/doncabron.nl\/#organization","name":"Don Cabron","url":"https:\/\/doncabron.nl\/","logo":{"@type":"ImageObject","inLanguage":"de","@id":"https:\/\/doncabron.nl\/#\/schema\/logo\/image\/","url":"https:\/\/doncabron.nl\/wp-content\/uploads\/2024\/08\/cropped-Logo-1.png","contentUrl":"https:\/\/doncabron.nl\/wp-content\/uploads\/2024\/08\/cropped-Logo-1.png","width":383,"height":128,"caption":"Don Cabron"},"image":{"@id":"https:\/\/doncabron.nl\/#\/schema\/logo\/image\/"},"sameAs":["https:\/\/www.facebook.com\/people\/Salsa-Don-Cabron\/61576088555519\/","https:\/\/www.instagram.com\/salsadoncabron\/"]}]}},"_links":{"self":[{"href":"https:\/\/doncabron.nl\/de\/wp-json\/wp\/v2\/product\/1796","targetHints":{"allow":["GET"]}}],"collection":[{"href":"https:\/\/doncabron.nl\/de\/wp-json\/wp\/v2\/product"}],"about":[{"href":"https:\/\/doncabron.nl\/de\/wp-json\/wp\/v2\/types\/product"}],"replies":[{"embeddable":true,"href":"https:\/\/doncabron.nl\/de\/wp-json\/wp\/v2\/comments?post=1796"}],"version-history":[{"count":27,"href":"https:\/\/doncabron.nl\/de\/wp-json\/wp\/v2\/product\/1796\/revisions"}],"predecessor-version":[{"id":2214,"href":"https:\/\/doncabron.nl\/de\/wp-json\/wp\/v2\/product\/1796\/revisions\/2214"}],"wp:featuredmedia":[{"embeddable":true,"href":"https:\/\/doncabron.nl\/de\/wp-json\/wp\/v2\/media\/2888"}],"wp:attachment":[{"href":"https:\/\/doncabron.nl\/de\/wp-json\/wp\/v2\/media?parent=1796"}],"wp:term":[{"taxonomy":"product_brand","embeddable":true,"href":"https:\/\/doncabron.nl\/de\/wp-json\/wp\/v2\/product_brand?post=1796"},{"taxonomy":"product_cat","embeddable":true,"href":"https:\/\/doncabron.nl\/de\/wp-json\/wp\/v2\/product_cat?post=1796"},{"taxonomy":"product_tag","embeddable":true,"href":"https:\/\/doncabron.nl\/de\/wp-json\/wp\/v2\/product_tag?post=1796"}],"curies":[{"name":"wp","href":"https:\/\/api.w.org\/{rel}","templated":true}]}}