{"id":2317,"date":"2025-09-26T08:13:54","date_gmt":"2025-09-26T08:13:54","guid":{"rendered":"https:\/\/doncabron.nl\/?page_id=2317"},"modified":"2026-04-28T12:52:48","modified_gmt":"2026-04-28T12:52:48","slug":"stores","status":"publish","type":"page","link":"https:\/\/doncabron.nl\/en\/stores\/","title":{"rendered":"Stores"},"content":{"rendered":"<div data-elementor-type=\"wp-page\" data-elementor-id=\"2317\" class=\"elementor elementor-2317\">\n\t\t\t\t<div class=\"elementor-element elementor-element-088e0b2 e-flex e-con-boxed e-con e-parent\" data-id=\"088e0b2\" data-element_type=\"container\" data-e-type=\"container\" data-settings=\"{&quot;background_background&quot;:&quot;classic&quot;}\">\n\t\t\t\t\t<div class=\"e-con-inner\">\n\t\t<div class=\"elementor-element elementor-element-5948a30 e-con-full e-flex e-con e-child\" data-id=\"5948a30\" data-element_type=\"container\" data-e-type=\"container\">\n\t\t<div class=\"elementor-element elementor-element-43d9dc2 e-con-full e-flex e-con e-child\" data-id=\"43d9dc2\" data-element_type=\"container\" data-e-type=\"container\">\n\t\t<div class=\"elementor-element elementor-element-d67b136 e-con-full e-flex e-con e-child\" data-id=\"d67b136\" data-element_type=\"container\" data-e-type=\"container\">\n\t\t\t\t<div class=\"elementor-element elementor-element-e4b0917 elementor-widget elementor-widget-heading\" data-id=\"e4b0917\" data-element_type=\"widget\" data-e-type=\"widget\" data-widget_type=\"heading.default\">\n\t\t\t\t\t<h1 class=\"elementor-heading-title elementor-size-default\">Stores<\/h1>\t\t\t\t<\/div>\n\t\t\t\t<div class=\"elementor-element elementor-element-eb5d75b elementor-widget elementor-widget-text-editor\" data-id=\"eb5d75b\" data-element_type=\"widget\" data-e-type=\"widget\" data-widget_type=\"text-editor.default\">\n\t\t\t\t\t\t\t\t\t<h5>Online \ud83c\udf10<\/h5><ul><li><strong><a href=\"https:\/\/doncabron.nl\/en\/producten\/\">Don Cabron<\/a><\/strong> (Netherlands, Belgium, France, Germany, Spain)<\/li><li><a href=\"https:\/\/www.instagram.com\/mextiza.nl?igsh=MW5tN2Jtd3l2b2xqcg==\" target=\"_blank\" rel=\"noopener\"><strong>Mextiza<\/strong><\/a> Mexican Bakery (Netherlands)<\/li><li><a href=\"https:\/\/www.heatsupply.nl\/?s=don+cabron\" target=\"_blank\" rel=\"noopener\"><strong>Heatsupply<\/strong><\/a> (Netherlands, Europe)<\/li><\/ul><div>\u00a0<span style=\"color: #0f172a; font-size: 1.176471rem; font-style: inherit; font-weight: bold; text-align: var(--text-align);\">Netherlands \ud83c\uddf3\ud83c\uddf1<\/span><\/div><ul><li>Amsterdam &#8211; <a href=\"https:\/\/buufs.com\/\" target=\"_blank\" rel=\"noopener\"><strong>Buufs Keuken<\/strong><\/a>. Prinsenstraat 9h.<\/li><li>Amsterdam &#8211; <a href=\"https:\/\/www.burritoboys.nl\/\" target=\"_blank\" rel=\"noopener\"><strong>Burrito Boys<\/strong><\/a>. Zeeburgerstraat 4.<\/li><li>Groningen &#8211; <a href=\"https:\/\/www.facebook.com\/p\/Lilos-Mexican-Products-100087590240541\/\" target=\"_blank\" rel=\"noopener\"><strong>Lilos Mexican Products<\/strong><\/a>. Vismarkt (data op social media)<\/li><\/ul><h5>Belgi\u00eb \ud83c\udde7\ud83c\uddea<\/h5><ul><li>Brugge &#8211; <strong><a href=\"https:\/\/www.instagram.com\/soto.brugge\/\" target=\"_blank\" rel=\"noopener\">Soto Gastronom\u00eda Callejera<\/a> (Caf\u00e9 Partag\u00e9)<\/strong>.\u00a0Smedenstraat 15.<\/li><li>Online &#8211;\u00a0<a href=\"https:\/\/elcolibrishop.com\/?s=don+cabron&amp;post_type=product&amp;product_cat=0\" target=\"_blank\" rel=\"noopener\"><strong>El Colibri.be<\/strong><\/a><\/li><\/ul><h5>Germany \ud83c\udde9\ud83c\uddea<\/h5><ul><li>Berlijn &#8211; <strong><a href=\"https:\/\/pfefferhaus.de\/Ladengeschaeft\" target=\"_blank\" rel=\"noopener\">Pfefferhaus<\/a><\/strong>. Niederbarnimstra\u00dfe 11. Also online:\u00a0<a href=\"https:\/\/pfefferhaus.de\/search?qs=don+cabron\" target=\"_blank\" rel=\"noopener\"><strong>Pfefferhaus.de<\/strong><\/a>\u00a0<\/li><li>Berlijn &#8211; <strong><a href=\"https:\/\/www.instagram.com\/tacotales_berlin\/\" target=\"_blank\" rel=\"noopener\">Taco Tales<\/a><\/strong>. Sch\u00f6nhauser Allee 176.<\/li><\/ul><h5>Spain \ud83c\uddea\ud83c\uddf8<\/h5><ul><li>Madrid &#8211; <strong><a href=\"https:\/\/www.instagram.com\/ardormadrid\/\" target=\"_blank\" rel=\"noopener\">Ardor Madrid<\/a><\/strong>. C. del Noviciado 10, Centro.<\/li><\/ul><h5>Finland \ud83c\uddeb\ud83c\uddee<\/h5><ul><li>Online &#8211;\u00a0<a href=\"https:\/\/soosikauppa.fi\/brand\/don-cabron\/\" target=\"_blank\" rel=\"noopener\"><b>Soosikauppa.fi<\/b><\/a> (Finland, Estonia, Latvia, Lithuania, Sweden, Denmark)<\/li><\/ul><h5>Poland \ud83c\uddf5\ud83c\uddf1<\/h5><ul><li>Online &#8211; <strong><a href=\"https:\/\/mimercado.pl\/en\/search?q=don+cabron&amp;options%5Bprefix%5D=last\" target=\"_blank\" rel=\"noopener\">Mi Mercado.pl<\/a><\/strong><\/li><\/ul>\t\t\t\t\t\t\t\t<\/div>\n\t\t\t\t<\/div>\n\t\t\t\t<\/div>\n\t\t\t\t<\/div>\n\t\t\t\t\t<\/div>\n\t\t\t\t<\/div>\n\t\t\t\t<\/div>","protected":false},"excerpt":{"rendered":"<p>Stores Online &#x1f310; Don Cabron (Nederland, Belgi\u00eb, Frankrijk, Duitsland, Spanje) Mextiza Mexican Bakery (Nederland) Heatsupply (Nederland, Europa) \u00a0Nederland &#x1f1f3;&#x1f1f1; Amsterdam &#8211; Buufs Keuken. Prinsenstraat 9h. Amsterdam &#8211; Burrito Boys. Zeeburgerstraat 4. Groningen &#8211; Lilos Mexican Products. Vismarkt (data op social media) Belgi\u00eb &#x1f1e7;&#x1f1ea; Brugge &#8211; Soto Gastronom\u00eda Callejera (Caf\u00e9 Partag\u00e9).\u00a0Smedenstraat 15. Online &#8211;\u00a0El Colibri.be Duitsland [&hellip;]<\/p>\n","protected":false},"author":2,"featured_media":0,"parent":0,"menu_order":0,"comment_status":"closed","ping_status":"closed","template":"","meta":{"site-sidebar-layout":"no-sidebar","site-content-layout":"page-builder","ast-site-content-layout":"full-width-container","site-content-style":"unboxed","site-sidebar-style":"unboxed","ast-global-header-display":"","ast-banner-title-visibility":"","ast-main-header-display":"","ast-hfb-above-header-display":"","ast-hfb-below-header-display":"","ast-hfb-mobile-header-display":"","site-post-title":"disabled","ast-breadcrumbs-content":"disabled","ast-featured-img":"disabled","footer-sml-layout":"","ast-disable-related-posts":"","theme-transparent-header-meta":"default","adv-header-id-meta":"","stick-header-meta":"","header-above-stick-meta":"","header-main-stick-meta":"","header-below-stick-meta":"","astra-migrate-meta-layouts":"set","ast-page-background-enabled":"default","ast-page-background-meta":{"desktop":{"background-color":"var(--ast-global-color-4)","background-image":"","background-repeat":"repeat","background-position":"center center","background-size":"auto","background-attachment":"scroll","background-type":"","background-media":"","overlay-type":"","overlay-color":"","overlay-opacity":"","overlay-gradient":""},"tablet":{"background-color":"","background-image":"","background-repeat":"repeat","background-position":"center center","background-size":"auto","background-attachment":"scroll","background-type":"","background-media":"","overlay-type":"","overlay-color":"","overlay-opacity":"","overlay-gradient":""},"mobile":{"background-color":"","background-image":"","background-repeat":"repeat","background-position":"center center","background-size":"auto","background-attachment":"scroll","background-type":"","background-media":"","overlay-type":"","overlay-color":"","overlay-opacity":"","overlay-gradient":""}},"ast-content-background-meta":{"desktop":{"background-color":"var(--ast-global-color-5)","background-image":"","background-repeat":"repeat","background-position":"center center","background-size":"auto","background-attachment":"scroll","background-type":"","background-media":"","overlay-type":"","overlay-color":"","overlay-opacity":"","overlay-gradient":""},"tablet":{"background-color":"var(--ast-global-color-5)","background-image":"","background-repeat":"repeat","background-position":"center center","background-size":"auto","background-attachment":"scroll","background-type":"","background-media":"","overlay-type":"","overlay-color":"","overlay-opacity":"","overlay-gradient":""},"mobile":{"background-color":"var(--ast-global-color-5)","background-image":"","background-repeat":"repeat","background-position":"center center","background-size":"auto","background-attachment":"scroll","background-type":"","background-media":"","overlay-type":"","overlay-color":"","overlay-opacity":"","overlay-gradient":""}},"iawp_total_views":227,"footnotes":""},"class_list":["post-2317","page","type-page","status-publish","hentry"],"yoast_head":"<!-- This site is optimized with the Yoast SEO plugin v27.5 - https:\/\/yoast.com\/product\/yoast-seo-wordpress\/ -->\n<title>Stores - Don Cabron - Handmade Mexican Salsas<\/title>\n<meta name=\"robots\" content=\"index, follow, max-snippet:-1, max-image-preview:large, max-video-preview:-1\" \/>\n<link rel=\"canonical\" href=\"https:\/\/doncabron.nl\/en\/stores\/\" \/>\n<meta property=\"og:locale\" content=\"en_US\" \/>\n<meta property=\"og:type\" content=\"article\" \/>\n<meta property=\"og:title\" content=\"Stores - Don Cabron - Handmade Mexican Salsas\" \/>\n<meta property=\"og:description\" content=\"Stores Online &#x1f310; Don Cabron (Nederland, Belgi\u00eb, Frankrijk, Duitsland, Spanje) Mextiza Mexican Bakery (Nederland) Heatsupply (Nederland, Europa) \u00a0Nederland &#x1f1f3;&#x1f1f1; Amsterdam &#8211; Buufs Keuken. Prinsenstraat 9h. Amsterdam &#8211; Burrito Boys. Zeeburgerstraat 4. Groningen &#8211; Lilos Mexican Products. Vismarkt (data op social media) Belgi\u00eb &#x1f1e7;&#x1f1ea; Brugge &#8211; Soto Gastronom\u00eda Callejera (Caf\u00e9 Partag\u00e9).\u00a0Smedenstraat 15. Online &#8211;\u00a0El Colibri.be Duitsland [&hellip;]\" \/>\n<meta property=\"og:url\" content=\"https:\/\/doncabron.nl\/en\/stores\/\" \/>\n<meta property=\"og:site_name\" content=\"Don Cabron - Handmade Mexican Salsas\" \/>\n<meta property=\"article:publisher\" content=\"https:\/\/www.facebook.com\/people\/Salsa-Don-Cabron\/61576088555519\/\" \/>\n<meta property=\"article:modified_time\" content=\"2026-04-28T12:52:48+00:00\" \/>\n<meta name=\"twitter:card\" content=\"summary_large_image\" \/>\n<meta name=\"twitter:label1\" content=\"Est. reading time\" \/>\n\t<meta name=\"twitter:data1\" content=\"2 minutes\" \/>\n<script type=\"application\/ld+json\" class=\"yoast-schema-graph\">{\"@context\":\"https:\\\/\\\/schema.org\",\"@graph\":[{\"@type\":\"WebPage\",\"@id\":\"https:\\\/\\\/doncabron.nl\\\/stores\\\/\",\"url\":\"https:\\\/\\\/doncabron.nl\\\/stores\\\/\",\"name\":\"Stores - Don Cabron - Handmade Mexican Salsas\",\"isPartOf\":{\"@id\":\"https:\\\/\\\/doncabron.nl\\\/#website\"},\"datePublished\":\"2025-09-26T08:13:54+00:00\",\"dateModified\":\"2026-04-28T12:52:48+00:00\",\"breadcrumb\":{\"@id\":\"https:\\\/\\\/doncabron.nl\\\/stores\\\/#breadcrumb\"},\"inLanguage\":\"en-US\",\"potentialAction\":[{\"@type\":\"ReadAction\",\"target\":[\"https:\\\/\\\/doncabron.nl\\\/stores\\\/\"]}]},{\"@type\":\"BreadcrumbList\",\"@id\":\"https:\\\/\\\/doncabron.nl\\\/stores\\\/#breadcrumb\",\"itemListElement\":[{\"@type\":\"ListItem\",\"position\":1,\"name\":\"Home\",\"item\":\"https:\\\/\\\/doncabron.nl\\\/\"},{\"@type\":\"ListItem\",\"position\":2,\"name\":\"Stores\"}]},{\"@type\":\"WebSite\",\"@id\":\"https:\\\/\\\/doncabron.nl\\\/#website\",\"url\":\"https:\\\/\\\/doncabron.nl\\\/\",\"name\":\"Don Cabron - Handmade Mexican Salsas\",\"description\":\"Authentieke handgemaakte Mexicaanse sauzen, pepers en kruidenmixen\",\"publisher\":{\"@id\":\"https:\\\/\\\/doncabron.nl\\\/#organization\"},\"potentialAction\":[{\"@type\":\"SearchAction\",\"target\":{\"@type\":\"EntryPoint\",\"urlTemplate\":\"https:\\\/\\\/doncabron.nl\\\/?s={search_term_string}\"},\"query-input\":{\"@type\":\"PropertyValueSpecification\",\"valueRequired\":true,\"valueName\":\"search_term_string\"}}],\"inLanguage\":\"en-US\"},{\"@type\":\"Organization\",\"@id\":\"https:\\\/\\\/doncabron.nl\\\/#organization\",\"name\":\"Don Cabron\",\"url\":\"https:\\\/\\\/doncabron.nl\\\/\",\"logo\":{\"@type\":\"ImageObject\",\"inLanguage\":\"en-US\",\"@id\":\"https:\\\/\\\/doncabron.nl\\\/#\\\/schema\\\/logo\\\/image\\\/\",\"url\":\"https:\\\/\\\/doncabron.nl\\\/wp-content\\\/uploads\\\/2024\\\/08\\\/cropped-Logo-1.png\",\"contentUrl\":\"https:\\\/\\\/doncabron.nl\\\/wp-content\\\/uploads\\\/2024\\\/08\\\/cropped-Logo-1.png\",\"width\":383,\"height\":128,\"caption\":\"Don Cabron\"},\"image\":{\"@id\":\"https:\\\/\\\/doncabron.nl\\\/#\\\/schema\\\/logo\\\/image\\\/\"},\"sameAs\":[\"https:\\\/\\\/www.facebook.com\\\/people\\\/Salsa-Don-Cabron\\\/61576088555519\\\/\",\"https:\\\/\\\/www.instagram.com\\\/salsadoncabron\\\/\"]}]}<\/script>\n<!-- \/ Yoast SEO plugin. -->","yoast_head_json":{"title":"Stores - Don Cabron - Handmade Mexican Salsas","robots":{"index":"index","follow":"follow","max-snippet":"max-snippet:-1","max-image-preview":"max-image-preview:large","max-video-preview":"max-video-preview:-1"},"canonical":"https:\/\/doncabron.nl\/en\/stores\/","og_locale":"en_US","og_type":"article","og_title":"Stores - Don Cabron - Handmade Mexican Salsas","og_description":"Stores Online &#x1f310; Don Cabron (Nederland, Belgi\u00eb, Frankrijk, Duitsland, Spanje) Mextiza Mexican Bakery (Nederland) Heatsupply (Nederland, Europa) \u00a0Nederland &#x1f1f3;&#x1f1f1; Amsterdam &#8211; Buufs Keuken. Prinsenstraat 9h. Amsterdam &#8211; Burrito Boys. Zeeburgerstraat 4. Groningen &#8211; Lilos Mexican Products. Vismarkt (data op social media) Belgi\u00eb &#x1f1e7;&#x1f1ea; Brugge &#8211; Soto Gastronom\u00eda Callejera (Caf\u00e9 Partag\u00e9).\u00a0Smedenstraat 15. Online &#8211;\u00a0El Colibri.be Duitsland [&hellip;]","og_url":"https:\/\/doncabron.nl\/en\/stores\/","og_site_name":"Don Cabron - Handmade Mexican Salsas","article_publisher":"https:\/\/www.facebook.com\/people\/Salsa-Don-Cabron\/61576088555519\/","article_modified_time":"2026-04-28T12:52:48+00:00","twitter_card":"summary_large_image","twitter_misc":{"Est. reading time":"2 minutes"},"schema":{"@context":"https:\/\/schema.org","@graph":[{"@type":"WebPage","@id":"https:\/\/doncabron.nl\/stores\/","url":"https:\/\/doncabron.nl\/stores\/","name":"Stores - Don Cabron - Handmade Mexican Salsas","isPartOf":{"@id":"https:\/\/doncabron.nl\/#website"},"datePublished":"2025-09-26T08:13:54+00:00","dateModified":"2026-04-28T12:52:48+00:00","breadcrumb":{"@id":"https:\/\/doncabron.nl\/stores\/#breadcrumb"},"inLanguage":"en-US","potentialAction":[{"@type":"ReadAction","target":["https:\/\/doncabron.nl\/stores\/"]}]},{"@type":"BreadcrumbList","@id":"https:\/\/doncabron.nl\/stores\/#breadcrumb","itemListElement":[{"@type":"ListItem","position":1,"name":"Home","item":"https:\/\/doncabron.nl\/"},{"@type":"ListItem","position":2,"name":"Stores"}]},{"@type":"WebSite","@id":"https:\/\/doncabron.nl\/#website","url":"https:\/\/doncabron.nl\/","name":"Don Cabron - Handmade Mexican Salsas","description":"Authentieke handgemaakte Mexicaanse sauzen, pepers en kruidenmixen","publisher":{"@id":"https:\/\/doncabron.nl\/#organization"},"potentialAction":[{"@type":"SearchAction","target":{"@type":"EntryPoint","urlTemplate":"https:\/\/doncabron.nl\/?s={search_term_string}"},"query-input":{"@type":"PropertyValueSpecification","valueRequired":true,"valueName":"search_term_string"}}],"inLanguage":"en-US"},{"@type":"Organization","@id":"https:\/\/doncabron.nl\/#organization","name":"Don Cabron","url":"https:\/\/doncabron.nl\/","logo":{"@type":"ImageObject","inLanguage":"en-US","@id":"https:\/\/doncabron.nl\/#\/schema\/logo\/image\/","url":"https:\/\/doncabron.nl\/wp-content\/uploads\/2024\/08\/cropped-Logo-1.png","contentUrl":"https:\/\/doncabron.nl\/wp-content\/uploads\/2024\/08\/cropped-Logo-1.png","width":383,"height":128,"caption":"Don Cabron"},"image":{"@id":"https:\/\/doncabron.nl\/#\/schema\/logo\/image\/"},"sameAs":["https:\/\/www.facebook.com\/people\/Salsa-Don-Cabron\/61576088555519\/","https:\/\/www.instagram.com\/salsadoncabron\/"]}]}},"_links":{"self":[{"href":"https:\/\/doncabron.nl\/en\/wp-json\/wp\/v2\/pages\/2317","targetHints":{"allow":["GET"]}}],"collection":[{"href":"https:\/\/doncabron.nl\/en\/wp-json\/wp\/v2\/pages"}],"about":[{"href":"https:\/\/doncabron.nl\/en\/wp-json\/wp\/v2\/types\/page"}],"author":[{"embeddable":true,"href":"https:\/\/doncabron.nl\/en\/wp-json\/wp\/v2\/users\/2"}],"replies":[{"embeddable":true,"href":"https:\/\/doncabron.nl\/en\/wp-json\/wp\/v2\/comments?post=2317"}],"version-history":[{"count":35,"href":"https:\/\/doncabron.nl\/en\/wp-json\/wp\/v2\/pages\/2317\/revisions"}],"predecessor-version":[{"id":2981,"href":"https:\/\/doncabron.nl\/en\/wp-json\/wp\/v2\/pages\/2317\/revisions\/2981"}],"wp:attachment":[{"href":"https:\/\/doncabron.nl\/en\/wp-json\/wp\/v2\/media?parent=2317"}],"curies":[{"name":"wp","href":"https:\/\/api.w.org\/{rel}","templated":true}]}}