{"id":2764,"date":"2026-02-02T16:43:47","date_gmt":"2026-02-02T16:43:47","guid":{"rendered":"https:\/\/doncabron.nl\/?post_type=product&#038;p=2764"},"modified":"2026-04-03T16:20:36","modified_gmt":"2026-04-03T16:20:36","slug":"gift-box-6-flavors","status":"publish","type":"product","link":"https:\/\/doncabron.nl\/es\/producto\/gift-box-6-flavors\/","title":{"rendered":"Gift box (6 flavors)"},"content":{"rendered":"","protected":false},"excerpt":{"rendered":"<p data-start=\"620\" data-end=\"668\"><strong data-start=\"620\" data-end=\"668\">La caja de regalo perfecta de salsas picantes mexicanas \ud83c\udf36\ufe0f<\/strong><\/p>\n<p data-start=\"670\" data-end=\"817\">\u00bfBuscas un regalo original para un foodie? Con esta gift box de Don Cabron podr\u00e1s probar sabores mexicanos aut\u00e9nticos \u2014 desde suaves y dulces hasta ahumados y picantes.<\/p>\n<p data-start=\"819\" data-end=\"859\">&#x1f381; <strong data-start=\"822\" data-end=\"859\">\ud83c\udf81 \u00bfPor qu\u00e9 es un regalo perfecto?<\/strong><\/p>\n<ul data-start=\"860\" data-end=\"1103\">\n<li data-start=\"860\" data-end=\"909\">\n<p data-start=\"862\" data-end=\"909\">6 salsas m\u00e1s vendidas en pr\u00e1ctico formato degustaci\u00f3n (45 ml)<\/p>\n<\/li>\n<li data-start=\"860\" data-end=\"909\">\n<p data-start=\"862\" data-end=\"909\">De suave \u2192 picante, para todos los gustos<\/p>\n<\/li>\n<li data-start=\"958\" data-end=\"1001\">\n<p data-start=\"960\" data-end=\"1001\">Incluye tarjeta explicativa con tips para cada salsa<\/p>\n<\/li>\n<li data-start=\"1002\" data-end=\"1053\">\n<p data-start=\"1004\" data-end=\"1053\">Empacado con cuidado y cari\u00f1o \u2014 listo para regalar<\/p>\n<\/li>\n<li data-start=\"1002\" data-end=\"1053\">Recetas mexicanas aut\u00e9nticas, hechas a mano en Pa\u00edses Bajos<\/li>\n<\/ul>\n<h5 data-start=\"1227\" data-end=\"1248\">Contenido de la caja<\/h5>\n<p data-start=\"1250\" data-end=\"1390\"><strong data-start=\"1250\" data-end=\"1265\">Salsa Macha<\/strong><br data-start=\"1265\" data-end=\"1268\" \/>Mezcla artesanal de chiles mexicanos con cacahuates tostados, semillas de ajonjol\u00ed y pepitas, que crea una salsa macha intensa, crujiente y llena de sabor.<\/p>\n<p data-start=\"1392\" data-end=\"1507\"><strong data-start=\"1392\" data-end=\"1409\">Salsa Ahumado<\/strong><br data-start=\"1409\" data-end=\"1412\" \/>Esta salsa est\u00e1 elaborada con chiles ahumados lentamente durante horas por lo que desarrolla un sabor ahumado muy profundo e intenso.<\/p>\n<p data-start=\"1509\" data-end=\"1636\"><strong data-start=\"1509\" data-end=\"1540\">Salsa Ahumado &amp; Semillas<\/strong><br data-start=\"1540\" data-end=\"1543\" \/>Una salsa con sabor ahumado, preparada con cacahuates, pepitas, ajonjol\u00ed y ar\u00e1ndanos, que aportan un toque de dulzura.<\/p>\n<p data-start=\"1638\" data-end=\"1742\"><strong data-start=\"1638\" data-end=\"1658\">Salsa Macha Miel<\/strong><br data-start=\"1658\" data-end=\"1661\" \/>Una deliciosa fusi\u00f3n de sabores: la dulzura de la miel, lo crujiente de los anacardos, las semillas de ajonjol\u00ed y un toque frutal de ar\u00e1ndanos.<\/p>\n<p data-start=\"1744\" data-end=\"1850\"><strong data-start=\"1744\" data-end=\"1761\">Salsa Cl\u00e1sica<\/strong><br data-start=\"1761\" data-end=\"1764\" \/>Una salsa picante mexicana cl\u00e1sica con el toque \u00fanico de Don Cabr\u00f3n. La salsa de color rojo intenso tiene un sabor picante delicioso, un ligero toque \u00e1cido y un ligero sabor ahumado.<\/p>\n<p data-start=\"1852\" data-end=\"1954\"><strong data-start=\"1852\" data-end=\"1877\">Salsa Chipotle &amp; Pineapple<\/strong><br data-start=\"1877\" data-end=\"1880\" \/>Esta salsa es una mezcla de sabores dulces y picantes. Con el sabor ahumado del chipotle y la dulzura de la pi\u00f1a.<\/p>","protected":false},"featured_media":2967,"comment_status":"open","ping_status":"closed","template":"","meta":{"site-sidebar-layout":"default","site-content-layout":"","ast-site-content-layout":"normal-width-container","site-content-style":"boxed","site-sidebar-style":"unboxed","ast-global-header-display":"","ast-banner-title-visibility":"","ast-main-header-display":"","ast-hfb-above-header-display":"","ast-hfb-below-header-display":"","ast-hfb-mobile-header-display":"","site-post-title":"disabled","ast-breadcrumbs-content":"","ast-featured-img":"disabled","footer-sml-layout":"","ast-disable-related-posts":"","theme-transparent-header-meta":"default","adv-header-id-meta":"","stick-header-meta":"","header-above-stick-meta":"","header-main-stick-meta":"","header-below-stick-meta":"","astra-migrate-meta-layouts":"set","ast-page-background-enabled":"default","ast-page-background-meta":{"desktop":{"background-color":"var(--ast-global-color-4)","background-image":"","background-repeat":"repeat","background-position":"center center","background-size":"auto","background-attachment":"scroll","background-type":"","background-media":"","overlay-type":"","overlay-color":"","overlay-opacity":"","overlay-gradient":""},"tablet":{"background-color":"","background-image":"","background-repeat":"repeat","background-position":"center center","background-size":"auto","background-attachment":"scroll","background-type":"","background-media":"","overlay-type":"","overlay-color":"","overlay-opacity":"","overlay-gradient":""},"mobile":{"background-color":"","background-image":"","background-repeat":"repeat","background-position":"center center","background-size":"auto","background-attachment":"scroll","background-type":"","background-media":"","overlay-type":"","overlay-color":"","overlay-opacity":"","overlay-gradient":""}},"ast-content-background-meta":{"desktop":{"background-color":"var(--ast-global-color-5)","background-image":"","background-repeat":"repeat","background-position":"center center","background-size":"auto","background-attachment":"scroll","background-type":"","background-media":"","overlay-type":"","overlay-color":"","overlay-opacity":"","overlay-gradient":""},"tablet":{"background-color":"var(--ast-global-color-5)","background-image":"","background-repeat":"repeat","background-position":"center center","background-size":"auto","background-attachment":"scroll","background-type":"","background-media":"","overlay-type":"","overlay-color":"","overlay-opacity":"","overlay-gradient":""},"mobile":{"background-color":"var(--ast-global-color-5)","background-image":"","background-repeat":"repeat","background-position":"center center","background-size":"auto","background-attachment":"scroll","background-type":"","background-media":"","overlay-type":"","overlay-color":"","overlay-opacity":"","overlay-gradient":""}},"iawp_total_views":301},"product_brand":[],"product_cat":[75],"product_tag":[],"class_list":{"0":"post-2764","1":"product","2":"type-product","3":"status-publish","4":"has-post-thumbnail","6":"product_cat-gifts","7":"desktop-align-left","8":"tablet-align-left","9":"mobile-align-left","11":"first","12":"instock","13":"taxable","14":"shipping-taxable","15":"purchasable","16":"product-type-simple"},"yoast_head":"<!-- This site is optimized with the Yoast SEO plugin v27.5 - https:\/\/yoast.com\/product\/yoast-seo-wordpress\/ -->\n<title>Gift box (6 flavors) - Don Cabron - Handmade Mexican Salsas<\/title>\n<meta name=\"robots\" content=\"index, follow, max-snippet:-1, max-image-preview:large, max-video-preview:-1\" \/>\n<link rel=\"canonical\" href=\"https:\/\/doncabron.nl\/es\/producto\/gift-box-6-flavors\/\" \/>\n<meta property=\"og:locale\" content=\"es_MX\" \/>\n<meta property=\"og:type\" content=\"article\" \/>\n<meta property=\"og:title\" content=\"Gift box (6 flavors) - Don Cabron - Handmade Mexican Salsas\" \/>\n<meta property=\"og:description\" content=\"De ultieme Mexicaanse hot sauce gift box &#x1f336;&#xfe0f; Zoek je een origineel cadeau voor een foodie? Met deze Don Cabron gift box proef je \u00e9chte Mexicaanse smaken \u2014 van mild en zoet tot smoky en pittig. &#x1f381; Wat maakt dit een perfect cadeau?     6 bestsellers in handig proef\u00adformaat (45 ml)    Van mild \u2192 pittig: voor elke smaak wat wils    Inclusief uitlegkaart met tips per saus    Met zorg en liefde verpakt \u2014 direct cadeauklaar   Authentieke Mexicaanse recepten, handgemaakt in Nederland  Inhoud van de box Salsa MachaCrispy chili-olie met pepers, pinda\u2019s, sesam en pitten. Geeft elk gerecht crunch en pit. Top op taco\u2019s, eieren, noodles, en Aziatisch eten. Salsa AhumadoDiepe rooksmaak van gerookte chili\u2019s met een hint knoflook. Ideaal voor vlees, groenten en BBQ, maar ook bij vleesvervangers. Salsa Ahumado &amp; SemillasSweet &amp; smoky met zaden en cranberries voor zoet-krokant contrast. Winnaar Silver bij de European Hot Sauce Competition 2025. Salsa Macha MielZoet-hartige mix met honing en noten. Heerlijk op pizza, kip, ribs en zelfs kaas. Salsa Cl\u00e1sicaDe allround Mexicaanse hot sauce. Licht zuur, rokerig en pittig. Past bij bijna alles. Salsa Chipotle &amp; PineappleRokerige chipotle + zoete ananas. Geweldig bij burgers, taco\u2019s en als dip.\" \/>\n<meta property=\"og:url\" content=\"https:\/\/doncabron.nl\/es\/producto\/gift-box-6-flavors\/\" \/>\n<meta property=\"og:site_name\" content=\"Don Cabron - Handmade Mexican Salsas\" \/>\n<meta property=\"article:publisher\" content=\"https:\/\/www.facebook.com\/people\/Salsa-Don-Cabron\/61576088555519\/\" \/>\n<meta property=\"article:modified_time\" content=\"2026-04-03T16:20:36+00:00\" \/>\n<meta property=\"og:image\" content=\"https:\/\/doncabron.nl\/wp-content\/uploads\/2026\/02\/image0-4.jpeg\" \/>\n\t<meta property=\"og:image:width\" content=\"1920\" \/>\n\t<meta property=\"og:image:height\" content=\"1920\" \/>\n\t<meta property=\"og:image:type\" content=\"image\/jpeg\" \/>\n<meta name=\"twitter:card\" content=\"summary_large_image\" \/>\n<meta name=\"twitter:label1\" content=\"Tiempo de lectura\" \/>\n\t<meta name=\"twitter:data1\" content=\"1 minuto\" \/>\n<script type=\"application\/ld+json\" class=\"yoast-schema-graph\">{\"@context\":\"https:\\\/\\\/schema.org\",\"@graph\":[{\"@type\":\"WebPage\",\"@id\":\"https:\\\/\\\/doncabron.nl\\\/product\\\/gift-box-6-flavors\\\/\",\"url\":\"https:\\\/\\\/doncabron.nl\\\/product\\\/gift-box-6-flavors\\\/\",\"name\":\"Gift box (6 flavors) - Don Cabron - Handmade Mexican Salsas\",\"isPartOf\":{\"@id\":\"https:\\\/\\\/doncabron.nl\\\/#website\"},\"primaryImageOfPage\":{\"@id\":\"https:\\\/\\\/doncabron.nl\\\/product\\\/gift-box-6-flavors\\\/#primaryimage\"},\"image\":{\"@id\":\"https:\\\/\\\/doncabron.nl\\\/product\\\/gift-box-6-flavors\\\/#primaryimage\"},\"thumbnailUrl\":\"https:\\\/\\\/doncabron.nl\\\/wp-content\\\/uploads\\\/2026\\\/02\\\/image0-4.jpeg\",\"datePublished\":\"2026-02-02T16:43:47+00:00\",\"dateModified\":\"2026-04-03T16:20:36+00:00\",\"breadcrumb\":{\"@id\":\"https:\\\/\\\/doncabron.nl\\\/product\\\/gift-box-6-flavors\\\/#breadcrumb\"},\"inLanguage\":\"es\",\"potentialAction\":[{\"@type\":\"ReadAction\",\"target\":[\"https:\\\/\\\/doncabron.nl\\\/product\\\/gift-box-6-flavors\\\/\"]}]},{\"@type\":\"ImageObject\",\"inLanguage\":\"es\",\"@id\":\"https:\\\/\\\/doncabron.nl\\\/product\\\/gift-box-6-flavors\\\/#primaryimage\",\"url\":\"https:\\\/\\\/doncabron.nl\\\/wp-content\\\/uploads\\\/2026\\\/02\\\/image0-4.jpeg\",\"contentUrl\":\"https:\\\/\\\/doncabron.nl\\\/wp-content\\\/uploads\\\/2026\\\/02\\\/image0-4.jpeg\",\"width\":1920,\"height\":1920},{\"@type\":\"BreadcrumbList\",\"@id\":\"https:\\\/\\\/doncabron.nl\\\/product\\\/gift-box-6-flavors\\\/#breadcrumb\",\"itemListElement\":[{\"@type\":\"ListItem\",\"position\":1,\"name\":\"Home\",\"item\":\"https:\\\/\\\/doncabron.nl\\\/\"},{\"@type\":\"ListItem\",\"position\":2,\"name\":\"Producten\",\"item\":\"https:\\\/\\\/doncabron.nl\\\/producten\\\/\"},{\"@type\":\"ListItem\",\"position\":3,\"name\":\"Gift box (6 flavors)\"}]},{\"@type\":\"WebSite\",\"@id\":\"https:\\\/\\\/doncabron.nl\\\/#website\",\"url\":\"https:\\\/\\\/doncabron.nl\\\/\",\"name\":\"Don Cabron - Handmade Mexican Salsas\",\"description\":\"Authentieke handgemaakte Mexicaanse sauzen, pepers en kruidenmixen\",\"publisher\":{\"@id\":\"https:\\\/\\\/doncabron.nl\\\/#organization\"},\"potentialAction\":[{\"@type\":\"SearchAction\",\"target\":{\"@type\":\"EntryPoint\",\"urlTemplate\":\"https:\\\/\\\/doncabron.nl\\\/?s={search_term_string}\"},\"query-input\":{\"@type\":\"PropertyValueSpecification\",\"valueRequired\":true,\"valueName\":\"search_term_string\"}}],\"inLanguage\":\"es\"},{\"@type\":\"Organization\",\"@id\":\"https:\\\/\\\/doncabron.nl\\\/#organization\",\"name\":\"Don Cabron\",\"url\":\"https:\\\/\\\/doncabron.nl\\\/\",\"logo\":{\"@type\":\"ImageObject\",\"inLanguage\":\"es\",\"@id\":\"https:\\\/\\\/doncabron.nl\\\/#\\\/schema\\\/logo\\\/image\\\/\",\"url\":\"https:\\\/\\\/doncabron.nl\\\/wp-content\\\/uploads\\\/2024\\\/08\\\/cropped-Logo-1.png\",\"contentUrl\":\"https:\\\/\\\/doncabron.nl\\\/wp-content\\\/uploads\\\/2024\\\/08\\\/cropped-Logo-1.png\",\"width\":383,\"height\":128,\"caption\":\"Don Cabron\"},\"image\":{\"@id\":\"https:\\\/\\\/doncabron.nl\\\/#\\\/schema\\\/logo\\\/image\\\/\"},\"sameAs\":[\"https:\\\/\\\/www.facebook.com\\\/people\\\/Salsa-Don-Cabron\\\/61576088555519\\\/\",\"https:\\\/\\\/www.instagram.com\\\/salsadoncabron\\\/\"]}]}<\/script>\n<!-- \/ Yoast SEO plugin. -->","yoast_head_json":{"title":"Gift box (6 flavors) - Don Cabron - Handmade Mexican Salsas","robots":{"index":"index","follow":"follow","max-snippet":"max-snippet:-1","max-image-preview":"max-image-preview:large","max-video-preview":"max-video-preview:-1"},"canonical":"https:\/\/doncabron.nl\/es\/producto\/gift-box-6-flavors\/","og_locale":"es_MX","og_type":"article","og_title":"Gift box (6 flavors) - Don Cabron - Handmade Mexican Salsas","og_description":"De ultieme Mexicaanse hot sauce gift box &#x1f336;&#xfe0f; Zoek je een origineel cadeau voor een foodie? Met deze Don Cabron gift box proef je \u00e9chte Mexicaanse smaken \u2014 van mild en zoet tot smoky en pittig. &#x1f381; Wat maakt dit een perfect cadeau?     6 bestsellers in handig proef\u00adformaat (45 ml)    Van mild \u2192 pittig: voor elke smaak wat wils    Inclusief uitlegkaart met tips per saus    Met zorg en liefde verpakt \u2014 direct cadeauklaar   Authentieke Mexicaanse recepten, handgemaakt in Nederland  Inhoud van de box Salsa MachaCrispy chili-olie met pepers, pinda\u2019s, sesam en pitten. Geeft elk gerecht crunch en pit. Top op taco\u2019s, eieren, noodles, en Aziatisch eten. Salsa AhumadoDiepe rooksmaak van gerookte chili\u2019s met een hint knoflook. Ideaal voor vlees, groenten en BBQ, maar ook bij vleesvervangers. Salsa Ahumado &amp; SemillasSweet &amp; smoky met zaden en cranberries voor zoet-krokant contrast. Winnaar Silver bij de European Hot Sauce Competition 2025. Salsa Macha MielZoet-hartige mix met honing en noten. Heerlijk op pizza, kip, ribs en zelfs kaas. Salsa Cl\u00e1sicaDe allround Mexicaanse hot sauce. Licht zuur, rokerig en pittig. Past bij bijna alles. Salsa Chipotle &amp; PineappleRokerige chipotle + zoete ananas. Geweldig bij burgers, taco\u2019s en als dip.","og_url":"https:\/\/doncabron.nl\/es\/producto\/gift-box-6-flavors\/","og_site_name":"Don Cabron - Handmade Mexican Salsas","article_publisher":"https:\/\/www.facebook.com\/people\/Salsa-Don-Cabron\/61576088555519\/","article_modified_time":"2026-04-03T16:20:36+00:00","og_image":[{"width":1920,"height":1920,"url":"https:\/\/doncabron.nl\/wp-content\/uploads\/2026\/02\/image0-4.jpeg","type":"image\/jpeg"}],"twitter_card":"summary_large_image","twitter_misc":{"Tiempo de lectura":"1 minuto"},"schema":{"@context":"https:\/\/schema.org","@graph":[{"@type":"WebPage","@id":"https:\/\/doncabron.nl\/product\/gift-box-6-flavors\/","url":"https:\/\/doncabron.nl\/product\/gift-box-6-flavors\/","name":"Gift box (6 flavors) - Don Cabron - Handmade Mexican Salsas","isPartOf":{"@id":"https:\/\/doncabron.nl\/#website"},"primaryImageOfPage":{"@id":"https:\/\/doncabron.nl\/product\/gift-box-6-flavors\/#primaryimage"},"image":{"@id":"https:\/\/doncabron.nl\/product\/gift-box-6-flavors\/#primaryimage"},"thumbnailUrl":"https:\/\/doncabron.nl\/wp-content\/uploads\/2026\/02\/image0-4.jpeg","datePublished":"2026-02-02T16:43:47+00:00","dateModified":"2026-04-03T16:20:36+00:00","breadcrumb":{"@id":"https:\/\/doncabron.nl\/product\/gift-box-6-flavors\/#breadcrumb"},"inLanguage":"es","potentialAction":[{"@type":"ReadAction","target":["https:\/\/doncabron.nl\/product\/gift-box-6-flavors\/"]}]},{"@type":"ImageObject","inLanguage":"es","@id":"https:\/\/doncabron.nl\/product\/gift-box-6-flavors\/#primaryimage","url":"https:\/\/doncabron.nl\/wp-content\/uploads\/2026\/02\/image0-4.jpeg","contentUrl":"https:\/\/doncabron.nl\/wp-content\/uploads\/2026\/02\/image0-4.jpeg","width":1920,"height":1920},{"@type":"BreadcrumbList","@id":"https:\/\/doncabron.nl\/product\/gift-box-6-flavors\/#breadcrumb","itemListElement":[{"@type":"ListItem","position":1,"name":"Home","item":"https:\/\/doncabron.nl\/"},{"@type":"ListItem","position":2,"name":"Producten","item":"https:\/\/doncabron.nl\/producten\/"},{"@type":"ListItem","position":3,"name":"Gift box (6 flavors)"}]},{"@type":"WebSite","@id":"https:\/\/doncabron.nl\/#website","url":"https:\/\/doncabron.nl\/","name":"Don Cabron - Handmade Mexican Salsas","description":"Authentieke handgemaakte Mexicaanse sauzen, pepers en kruidenmixen","publisher":{"@id":"https:\/\/doncabron.nl\/#organization"},"potentialAction":[{"@type":"SearchAction","target":{"@type":"EntryPoint","urlTemplate":"https:\/\/doncabron.nl\/?s={search_term_string}"},"query-input":{"@type":"PropertyValueSpecification","valueRequired":true,"valueName":"search_term_string"}}],"inLanguage":"es"},{"@type":"Organization","@id":"https:\/\/doncabron.nl\/#organization","name":"Don Cabr\u00f3n","url":"https:\/\/doncabron.nl\/","logo":{"@type":"ImageObject","inLanguage":"es","@id":"https:\/\/doncabron.nl\/#\/schema\/logo\/image\/","url":"https:\/\/doncabron.nl\/wp-content\/uploads\/2024\/08\/cropped-Logo-1.png","contentUrl":"https:\/\/doncabron.nl\/wp-content\/uploads\/2024\/08\/cropped-Logo-1.png","width":383,"height":128,"caption":"Don Cabron"},"image":{"@id":"https:\/\/doncabron.nl\/#\/schema\/logo\/image\/"},"sameAs":["https:\/\/www.facebook.com\/people\/Salsa-Don-Cabron\/61576088555519\/","https:\/\/www.instagram.com\/salsadoncabron\/"]}]}},"_links":{"self":[{"href":"https:\/\/doncabron.nl\/es\/wp-json\/wp\/v2\/product\/2764","targetHints":{"allow":["GET"]}}],"collection":[{"href":"https:\/\/doncabron.nl\/es\/wp-json\/wp\/v2\/product"}],"about":[{"href":"https:\/\/doncabron.nl\/es\/wp-json\/wp\/v2\/types\/product"}],"replies":[{"embeddable":true,"href":"https:\/\/doncabron.nl\/es\/wp-json\/wp\/v2\/comments?post=2764"}],"version-history":[{"count":8,"href":"https:\/\/doncabron.nl\/es\/wp-json\/wp\/v2\/product\/2764\/revisions"}],"predecessor-version":[{"id":2773,"href":"https:\/\/doncabron.nl\/es\/wp-json\/wp\/v2\/product\/2764\/revisions\/2773"}],"wp:featuredmedia":[{"embeddable":true,"href":"https:\/\/doncabron.nl\/es\/wp-json\/wp\/v2\/media\/2967"}],"wp:attachment":[{"href":"https:\/\/doncabron.nl\/es\/wp-json\/wp\/v2\/media?parent=2764"}],"wp:term":[{"taxonomy":"product_brand","embeddable":true,"href":"https:\/\/doncabron.nl\/es\/wp-json\/wp\/v2\/product_brand?post=2764"},{"taxonomy":"product_cat","embeddable":true,"href":"https:\/\/doncabron.nl\/es\/wp-json\/wp\/v2\/product_cat?post=2764"},{"taxonomy":"product_tag","embeddable":true,"href":"https:\/\/doncabron.nl\/es\/wp-json\/wp\/v2\/product_tag?post=2764"}],"curies":[{"name":"wp","href":"https:\/\/api.w.org\/{rel}","templated":true}]}}