{"id":2171,"date":"2025-06-17T15:42:52","date_gmt":"2025-06-17T15:42:52","guid":{"rendered":"https:\/\/doncabron.nl\/?post_type=product&#038;p=2171"},"modified":"2025-12-23T11:55:56","modified_gmt":"2025-12-23T11:55:56","slug":"spice-mix-tinga-de-pollo","status":"publish","type":"product","link":"https:\/\/doncabron.nl\/fr\/produit\/spice-mix-tinga-de-pollo\/","title":{"rendered":"M\u00e9lange d'\u00e9pices Tinga de Pollo (poulet tir\u00e9)"},"content":{"rendered":"","protected":false},"excerpt":{"rendered":"<p>Tinga betekent \u201cpulled\u201d in de Azteekse Nahautl taal. Het gerecht komt uit Puebla, Mexico en is een traditionele versie van pulled chicken op basis van o.a. chipotle pepers en tomaten, met een diepe rooksmaak, lichte pittigheid en een subtiel zoetje.<br \/>\n<strong><u><br \/>\n<\/u>Recept voor 4 porties<br \/>\n<\/strong>Kook 600g kip in 35 minuten gaar in een pan met 1 liter water. Haal de kip uit de pan en trek het vlees uit elkaar. Bewaar het kookvocht. Snij 500g tomaten in blokjes en bak 5 minuten in een andere pan. Roer de spicemix erdoor. Optioneel: voeg een fijngesneden ui toe en bak\u00a0 3 minuten. Voeg 350ml kookvocht van de kip toe en kook 5 minuten. Meng de kip door de saus en sudder 3 minuten. Serveer op tostadas of taco&#8217;s (wraps) met ijsbergsla, creme fraiche of room, en avocado. Serveertip: Don Cabron Macha de Dos Chiles saus.<\/p>\n<p><strong>Voedingswaarden per 100 gram<\/strong><br \/>\nEnergie 1094kJ (259kcal), vet 6g, waarvan verzadigd 1.7g, koolhydraten 41g, waarvan suikers 13g, eiwit 9g, zout 18g.<\/p>\n<p><strong>Ingr\u00e9dients<\/strong><br \/>\nUi, chilipeper, knoflook, zout, paprika, zwarte peper, suiker, tijm, laurier, kippenbouillon, siliciumoxide, citroenpoeder.<\/p>\n<p><strong>Inhoud: 32g<\/strong><\/p>","protected":false},"featured_media":2597,"comment_status":"open","ping_status":"closed","template":"","meta":{"site-sidebar-layout":"default","site-content-layout":"","ast-site-content-layout":"normal-width-container","site-content-style":"boxed","site-sidebar-style":"unboxed","ast-global-header-display":"","ast-banner-title-visibility":"","ast-main-header-display":"","ast-hfb-above-header-display":"","ast-hfb-below-header-display":"","ast-hfb-mobile-header-display":"","site-post-title":"disabled","ast-breadcrumbs-content":"","ast-featured-img":"disabled","footer-sml-layout":"","ast-disable-related-posts":"","theme-transparent-header-meta":"default","adv-header-id-meta":"","stick-header-meta":"","header-above-stick-meta":"","header-main-stick-meta":"","header-below-stick-meta":"","astra-migrate-meta-layouts":"set","ast-page-background-enabled":"default","ast-page-background-meta":{"desktop":{"background-color":"var(--ast-global-color-4)","background-image":"","background-repeat":"repeat","background-position":"center center","background-size":"auto","background-attachment":"scroll","background-type":"","background-media":"","overlay-type":"","overlay-color":"","overlay-opacity":"","overlay-gradient":""},"tablet":{"background-color":"","background-image":"","background-repeat":"repeat","background-position":"center center","background-size":"auto","background-attachment":"scroll","background-type":"","background-media":"","overlay-type":"","overlay-color":"","overlay-opacity":"","overlay-gradient":""},"mobile":{"background-color":"","background-image":"","background-repeat":"repeat","background-position":"center center","background-size":"auto","background-attachment":"scroll","background-type":"","background-media":"","overlay-type":"","overlay-color":"","overlay-opacity":"","overlay-gradient":""}},"ast-content-background-meta":{"desktop":{"background-color":"var(--ast-global-color-5)","background-image":"","background-repeat":"repeat","background-position":"center center","background-size":"auto","background-attachment":"scroll","background-type":"","background-media":"","overlay-type":"","overlay-color":"","overlay-opacity":"","overlay-gradient":""},"tablet":{"background-color":"var(--ast-global-color-5)","background-image":"","background-repeat":"repeat","background-position":"center center","background-size":"auto","background-attachment":"scroll","background-type":"","background-media":"","overlay-type":"","overlay-color":"","overlay-opacity":"","overlay-gradient":""},"mobile":{"background-color":"var(--ast-global-color-5)","background-image":"","background-repeat":"repeat","background-position":"center center","background-size":"auto","background-attachment":"scroll","background-type":"","background-media":"","overlay-type":"","overlay-color":"","overlay-opacity":"","overlay-gradient":""}},"iawp_total_views":55},"product_brand":[],"product_cat":[41],"product_tag":[],"class_list":{"0":"post-2171","1":"product","2":"type-product","3":"status-publish","4":"has-post-thumbnail","6":"product_cat-kruiden","7":"desktop-align-left","8":"tablet-align-left","9":"mobile-align-left","11":"first","12":"instock","13":"taxable","14":"shipping-taxable","15":"purchasable","16":"product-type-simple"},"yoast_head":"<!-- This site is optimized with the Yoast SEO plugin v27.5 - https:\/\/yoast.com\/product\/yoast-seo-wordpress\/ -->\n<title>Spice mix Tinga de Pollo (pulled chicken) - Don Cabron - Handmade Mexican Salsas<\/title>\n<meta name=\"robots\" content=\"index, follow, max-snippet:-1, max-image-preview:large, max-video-preview:-1\" \/>\n<link rel=\"canonical\" href=\"https:\/\/doncabron.nl\/fr\/produit\/spice-mix-tinga-de-pollo\/\" \/>\n<meta property=\"og:locale\" content=\"fr_FR\" \/>\n<meta property=\"og:type\" content=\"article\" \/>\n<meta property=\"og:title\" content=\"Spice mix Tinga de Pollo (pulled chicken) - Don Cabron - Handmade Mexican Salsas\" \/>\n<meta property=\"og:description\" content=\"Tinga betekent \u201cpulled\u201d in de Azteekse Nahautl taal. Het gerecht komt uit Puebla, Mexico en is een traditionele versie van pulled chicken op basis van o.a. chipotle pepers en tomaten, met een diepe rooksmaak, lichte pittigheid en een subtiel zoetje.  Recept voor 4 porties Kook 600g kip in 35 minuten gaar in een pan met 1 liter water. Haal de kip uit de pan en trek het vlees uit elkaar. Bewaar het kookvocht. Snij 500g tomaten in blokjes en bak 5 minuten in een andere pan. Roer de spicemix erdoor. Optioneel: voeg een fijngesneden ui toe en bak\u00a0 3 minuten. Voeg 350ml kookvocht van de kip toe en kook 5 minuten. Meng de kip door de saus en sudder 3 minuten. Serveer op tostadas of taco&#039;s (wraps) met ijsbergsla, creme fraiche of room, en avocado. Serveertip: Don Cabron Macha de Dos Chiles saus.  Voedingswaarden per 100 gram Energie 1094kJ (259kcal), vet 6g, waarvan verzadigd 1.7g, koolhydraten 41g, waarvan suikers 13g, eiwit 9g, zout 18g.  Ingredi\u00ebnten Ui, chilipeper, knoflook, zout, paprika, zwarte peper, suiker, tijm, laurier, kippenbouillon, siliciumoxide, citroenpoeder.  Inhoud: 32g\" \/>\n<meta property=\"og:url\" content=\"https:\/\/doncabron.nl\/fr\/produit\/spice-mix-tinga-de-pollo\/\" \/>\n<meta property=\"og:site_name\" content=\"Don Cabron - Handmade Mexican Salsas\" \/>\n<meta property=\"article:publisher\" content=\"https:\/\/www.facebook.com\/people\/Salsa-Don-Cabron\/61576088555519\/\" \/>\n<meta property=\"article:modified_time\" content=\"2025-12-23T11:55:56+00:00\" \/>\n<meta property=\"og:image\" content=\"https:\/\/doncabron.nl\/wp-content\/uploads\/2025\/06\/Tinga.jpg\" \/>\n\t<meta property=\"og:image:width\" content=\"1608\" \/>\n\t<meta property=\"og:image:height\" content=\"1608\" \/>\n\t<meta property=\"og:image:type\" content=\"image\/jpeg\" \/>\n<meta name=\"twitter:card\" content=\"summary_large_image\" \/>\n<meta name=\"twitter:label1\" content=\"Dur\u00e9e de lecture estim\u00e9e\" \/>\n\t<meta name=\"twitter:data1\" content=\"1 minute\" \/>\n<script type=\"application\/ld+json\" class=\"yoast-schema-graph\">{\"@context\":\"https:\\\/\\\/schema.org\",\"@graph\":[{\"@type\":\"WebPage\",\"@id\":\"https:\\\/\\\/doncabron.nl\\\/product\\\/spice-mix-tinga-de-pollo\\\/\",\"url\":\"https:\\\/\\\/doncabron.nl\\\/product\\\/spice-mix-tinga-de-pollo\\\/\",\"name\":\"Spice mix Tinga de Pollo (pulled chicken) - Don Cabron - Handmade Mexican Salsas\",\"isPartOf\":{\"@id\":\"https:\\\/\\\/doncabron.nl\\\/#website\"},\"primaryImageOfPage\":{\"@id\":\"https:\\\/\\\/doncabron.nl\\\/product\\\/spice-mix-tinga-de-pollo\\\/#primaryimage\"},\"image\":{\"@id\":\"https:\\\/\\\/doncabron.nl\\\/product\\\/spice-mix-tinga-de-pollo\\\/#primaryimage\"},\"thumbnailUrl\":\"https:\\\/\\\/doncabron.nl\\\/wp-content\\\/uploads\\\/2025\\\/06\\\/Tinga.jpg\",\"datePublished\":\"2025-06-17T15:42:52+00:00\",\"dateModified\":\"2025-12-23T11:55:56+00:00\",\"breadcrumb\":{\"@id\":\"https:\\\/\\\/doncabron.nl\\\/product\\\/spice-mix-tinga-de-pollo\\\/#breadcrumb\"},\"inLanguage\":\"fr-FR\",\"potentialAction\":[{\"@type\":\"ReadAction\",\"target\":[\"https:\\\/\\\/doncabron.nl\\\/product\\\/spice-mix-tinga-de-pollo\\\/\"]}]},{\"@type\":\"ImageObject\",\"inLanguage\":\"fr-FR\",\"@id\":\"https:\\\/\\\/doncabron.nl\\\/product\\\/spice-mix-tinga-de-pollo\\\/#primaryimage\",\"url\":\"https:\\\/\\\/doncabron.nl\\\/wp-content\\\/uploads\\\/2025\\\/06\\\/Tinga.jpg\",\"contentUrl\":\"https:\\\/\\\/doncabron.nl\\\/wp-content\\\/uploads\\\/2025\\\/06\\\/Tinga.jpg\",\"width\":1608,\"height\":1608},{\"@type\":\"BreadcrumbList\",\"@id\":\"https:\\\/\\\/doncabron.nl\\\/product\\\/spice-mix-tinga-de-pollo\\\/#breadcrumb\",\"itemListElement\":[{\"@type\":\"ListItem\",\"position\":1,\"name\":\"Home\",\"item\":\"https:\\\/\\\/doncabron.nl\\\/\"},{\"@type\":\"ListItem\",\"position\":2,\"name\":\"Producten\",\"item\":\"https:\\\/\\\/doncabron.nl\\\/producten\\\/\"},{\"@type\":\"ListItem\",\"position\":3,\"name\":\"Spice mix Tinga de Pollo (pulled chicken)\"}]},{\"@type\":\"WebSite\",\"@id\":\"https:\\\/\\\/doncabron.nl\\\/#website\",\"url\":\"https:\\\/\\\/doncabron.nl\\\/\",\"name\":\"Don Cabron - Handmade Mexican Salsas\",\"description\":\"Authentieke handgemaakte Mexicaanse sauzen, pepers en kruidenmixen\",\"publisher\":{\"@id\":\"https:\\\/\\\/doncabron.nl\\\/#organization\"},\"potentialAction\":[{\"@type\":\"SearchAction\",\"target\":{\"@type\":\"EntryPoint\",\"urlTemplate\":\"https:\\\/\\\/doncabron.nl\\\/?s={search_term_string}\"},\"query-input\":{\"@type\":\"PropertyValueSpecification\",\"valueRequired\":true,\"valueName\":\"search_term_string\"}}],\"inLanguage\":\"fr-FR\"},{\"@type\":\"Organization\",\"@id\":\"https:\\\/\\\/doncabron.nl\\\/#organization\",\"name\":\"Don Cabron\",\"url\":\"https:\\\/\\\/doncabron.nl\\\/\",\"logo\":{\"@type\":\"ImageObject\",\"inLanguage\":\"fr-FR\",\"@id\":\"https:\\\/\\\/doncabron.nl\\\/#\\\/schema\\\/logo\\\/image\\\/\",\"url\":\"https:\\\/\\\/doncabron.nl\\\/wp-content\\\/uploads\\\/2024\\\/08\\\/cropped-Logo-1.png\",\"contentUrl\":\"https:\\\/\\\/doncabron.nl\\\/wp-content\\\/uploads\\\/2024\\\/08\\\/cropped-Logo-1.png\",\"width\":383,\"height\":128,\"caption\":\"Don Cabron\"},\"image\":{\"@id\":\"https:\\\/\\\/doncabron.nl\\\/#\\\/schema\\\/logo\\\/image\\\/\"},\"sameAs\":[\"https:\\\/\\\/www.facebook.com\\\/people\\\/Salsa-Don-Cabron\\\/61576088555519\\\/\",\"https:\\\/\\\/www.instagram.com\\\/salsadoncabron\\\/\"]}]}<\/script>\n<!-- \/ Yoast SEO plugin. -->","yoast_head_json":{"title":"Spice mix Tinga de Pollo (pulled chicken) - Don Cabron - Handmade Mexican Salsas","robots":{"index":"index","follow":"follow","max-snippet":"max-snippet:-1","max-image-preview":"max-image-preview:large","max-video-preview":"max-video-preview:-1"},"canonical":"https:\/\/doncabron.nl\/fr\/produit\/spice-mix-tinga-de-pollo\/","og_locale":"fr_FR","og_type":"article","og_title":"Spice mix Tinga de Pollo (pulled chicken) - Don Cabron - Handmade Mexican Salsas","og_description":"Tinga betekent \u201cpulled\u201d in de Azteekse Nahautl taal. Het gerecht komt uit Puebla, Mexico en is een traditionele versie van pulled chicken op basis van o.a. chipotle pepers en tomaten, met een diepe rooksmaak, lichte pittigheid en een subtiel zoetje.  Recept voor 4 porties Kook 600g kip in 35 minuten gaar in een pan met 1 liter water. Haal de kip uit de pan en trek het vlees uit elkaar. Bewaar het kookvocht. Snij 500g tomaten in blokjes en bak 5 minuten in een andere pan. Roer de spicemix erdoor. Optioneel: voeg een fijngesneden ui toe en bak\u00a0 3 minuten. Voeg 350ml kookvocht van de kip toe en kook 5 minuten. Meng de kip door de saus en sudder 3 minuten. Serveer op tostadas of taco's (wraps) met ijsbergsla, creme fraiche of room, en avocado. Serveertip: Don Cabron Macha de Dos Chiles saus.  Voedingswaarden per 100 gram Energie 1094kJ (259kcal), vet 6g, waarvan verzadigd 1.7g, koolhydraten 41g, waarvan suikers 13g, eiwit 9g, zout 18g.  Ingredi\u00ebnten Ui, chilipeper, knoflook, zout, paprika, zwarte peper, suiker, tijm, laurier, kippenbouillon, siliciumoxide, citroenpoeder.  Inhoud: 32g","og_url":"https:\/\/doncabron.nl\/fr\/produit\/spice-mix-tinga-de-pollo\/","og_site_name":"Don Cabron - Handmade Mexican Salsas","article_publisher":"https:\/\/www.facebook.com\/people\/Salsa-Don-Cabron\/61576088555519\/","article_modified_time":"2025-12-23T11:55:56+00:00","og_image":[{"width":1608,"height":1608,"url":"https:\/\/doncabron.nl\/wp-content\/uploads\/2025\/06\/Tinga.jpg","type":"image\/jpeg"}],"twitter_card":"summary_large_image","twitter_misc":{"Dur\u00e9e de lecture estim\u00e9e":"1 minute"},"schema":{"@context":"https:\/\/schema.org","@graph":[{"@type":"WebPage","@id":"https:\/\/doncabron.nl\/product\/spice-mix-tinga-de-pollo\/","url":"https:\/\/doncabron.nl\/product\/spice-mix-tinga-de-pollo\/","name":"Spice mix Tinga de Pollo (pulled chicken) - Don Cabron - Handmade Mexican Salsas","isPartOf":{"@id":"https:\/\/doncabron.nl\/#website"},"primaryImageOfPage":{"@id":"https:\/\/doncabron.nl\/product\/spice-mix-tinga-de-pollo\/#primaryimage"},"image":{"@id":"https:\/\/doncabron.nl\/product\/spice-mix-tinga-de-pollo\/#primaryimage"},"thumbnailUrl":"https:\/\/doncabron.nl\/wp-content\/uploads\/2025\/06\/Tinga.jpg","datePublished":"2025-06-17T15:42:52+00:00","dateModified":"2025-12-23T11:55:56+00:00","breadcrumb":{"@id":"https:\/\/doncabron.nl\/product\/spice-mix-tinga-de-pollo\/#breadcrumb"},"inLanguage":"fr-FR","potentialAction":[{"@type":"ReadAction","target":["https:\/\/doncabron.nl\/product\/spice-mix-tinga-de-pollo\/"]}]},{"@type":"ImageObject","inLanguage":"fr-FR","@id":"https:\/\/doncabron.nl\/product\/spice-mix-tinga-de-pollo\/#primaryimage","url":"https:\/\/doncabron.nl\/wp-content\/uploads\/2025\/06\/Tinga.jpg","contentUrl":"https:\/\/doncabron.nl\/wp-content\/uploads\/2025\/06\/Tinga.jpg","width":1608,"height":1608},{"@type":"BreadcrumbList","@id":"https:\/\/doncabron.nl\/product\/spice-mix-tinga-de-pollo\/#breadcrumb","itemListElement":[{"@type":"ListItem","position":1,"name":"Home","item":"https:\/\/doncabron.nl\/"},{"@type":"ListItem","position":2,"name":"Producten","item":"https:\/\/doncabron.nl\/producten\/"},{"@type":"ListItem","position":3,"name":"Spice mix Tinga de Pollo (pulled chicken)"}]},{"@type":"WebSite","@id":"https:\/\/doncabron.nl\/#website","url":"https:\/\/doncabron.nl\/","name":"Don Cabron - Handmade Mexican Salsas","description":"Authentieke handgemaakte Mexicaanse sauzen, pepers en kruidenmixen","publisher":{"@id":"https:\/\/doncabron.nl\/#organization"},"potentialAction":[{"@type":"SearchAction","target":{"@type":"EntryPoint","urlTemplate":"https:\/\/doncabron.nl\/?s={search_term_string}"},"query-input":{"@type":"PropertyValueSpecification","valueRequired":true,"valueName":"search_term_string"}}],"inLanguage":"fr-FR"},{"@type":"Organization","@id":"https:\/\/doncabron.nl\/#organization","name":"Don Cabron","url":"https:\/\/doncabron.nl\/","logo":{"@type":"ImageObject","inLanguage":"fr-FR","@id":"https:\/\/doncabron.nl\/#\/schema\/logo\/image\/","url":"https:\/\/doncabron.nl\/wp-content\/uploads\/2024\/08\/cropped-Logo-1.png","contentUrl":"https:\/\/doncabron.nl\/wp-content\/uploads\/2024\/08\/cropped-Logo-1.png","width":383,"height":128,"caption":"Don Cabron"},"image":{"@id":"https:\/\/doncabron.nl\/#\/schema\/logo\/image\/"},"sameAs":["https:\/\/www.facebook.com\/people\/Salsa-Don-Cabron\/61576088555519\/","https:\/\/www.instagram.com\/salsadoncabron\/"]}]}},"_links":{"self":[{"href":"https:\/\/doncabron.nl\/fr\/wp-json\/wp\/v2\/product\/2171","targetHints":{"allow":["GET"]}}],"collection":[{"href":"https:\/\/doncabron.nl\/fr\/wp-json\/wp\/v2\/product"}],"about":[{"href":"https:\/\/doncabron.nl\/fr\/wp-json\/wp\/v2\/types\/product"}],"replies":[{"embeddable":true,"href":"https:\/\/doncabron.nl\/fr\/wp-json\/wp\/v2\/comments?post=2171"}],"version-history":[{"count":5,"href":"https:\/\/doncabron.nl\/fr\/wp-json\/wp\/v2\/product\/2171\/revisions"}],"predecessor-version":[{"id":2331,"href":"https:\/\/doncabron.nl\/fr\/wp-json\/wp\/v2\/product\/2171\/revisions\/2331"}],"wp:featuredmedia":[{"embeddable":true,"href":"https:\/\/doncabron.nl\/fr\/wp-json\/wp\/v2\/media\/2597"}],"wp:attachment":[{"href":"https:\/\/doncabron.nl\/fr\/wp-json\/wp\/v2\/media?parent=2171"}],"wp:term":[{"taxonomy":"product_brand","embeddable":true,"href":"https:\/\/doncabron.nl\/fr\/wp-json\/wp\/v2\/product_brand?post=2171"},{"taxonomy":"product_cat","embeddable":true,"href":"https:\/\/doncabron.nl\/fr\/wp-json\/wp\/v2\/product_cat?post=2171"},{"taxonomy":"product_tag","embeddable":true,"href":"https:\/\/doncabron.nl\/fr\/wp-json\/wp\/v2\/product_tag?post=2171"}],"curies":[{"name":"wp","href":"https:\/\/api.w.org\/{rel}","templated":true}]}}